{"id":4633,"date":"2023-01-12T13:33:38","date_gmt":"2023-01-12T13:33:38","guid":{"rendered":"https:\/\/stem.no\/nyhetsbrev\/"},"modified":"2023-06-07T08:17:22","modified_gmt":"2023-06-07T08:17:22","slug":"nyhetsbrev","status":"publish","type":"page","link":"https:\/\/stem.no\/sv\/nyhetsbrev\/","title":{"rendered":"Nyhetsbrev"},"content":{"rendered":"<p>Abonner p\u00e5 v\u00e5rt nyhetsbrev for \u00e5 f\u00f8lge med p\u00e5 hva vi gj\u00f8r hos oss i Stem Agency- Vi sender ut nyhetsbrev en gang i m\u00e5neden og Nyhetsbrevet inneholder om informasjon om prosjektene v\u00e5re, nyheter om oss og mye mer.<\/p>\n","protected":false},"excerpt":{"rendered":"<p>Abonner p\u00e5 v\u00e5rt nyhetsbrev for \u00e5 f\u00f8lge med p\u00e5 hva vi gj\u00f8r hos oss i Stem Agency- Vi sender ut nyhetsbrev en gang i m\u00e5neden og Nyhetsbrevet inneholder om informasjon om prosjektene v\u00e5re, nyheter om oss og mye mer.<\/p>\n","protected":false},"author":3,"featured_media":0,"parent":0,"menu_order":0,"comment_status":"closed","ping_status":"closed","template":"page-templates\/text-page.php","meta":{"_acf_changed":false,"content-type":"","footnotes":""},"yst_prominent_words":[],"class_list":["post-4633","page","type-page","status-publish","hentry"],"acf":[],"_links":{"self":[{"href":"https:\/\/stem.no\/sv\/wp-json\/wp\/v2\/pages\/4633","targetHints":{"allow":["GET"]}}],"collection":[{"href":"https:\/\/stem.no\/sv\/wp-json\/wp\/v2\/pages"}],"about":[{"href":"https:\/\/stem.no\/sv\/wp-json\/wp\/v2\/types\/page"}],"author":[{"embeddable":true,"href":"https:\/\/stem.no\/sv\/wp-json\/wp\/v2\/users\/3"}],"replies":[{"embeddable":true,"href":"https:\/\/stem.no\/sv\/wp-json\/wp\/v2\/comments?post=4633"}],"version-history":[{"count":0,"href":"https:\/\/stem.no\/sv\/wp-json\/wp\/v2\/pages\/4633\/revisions"}],"wp:attachment":[{"href":"https:\/\/stem.no\/sv\/wp-json\/wp\/v2\/media?parent=4633"}],"wp:term":[{"taxonomy":"yst_prominent_words","embeddable":true,"href":"https:\/\/stem.no\/sv\/wp-json\/wp\/v2\/yst_prominent_words?post=4633"}],"curies":[{"name":"wp","href":"https:\/\/api.w.org\/{rel}","templated":true}]}}